
{"id":15,"date":"2025-12-09T04:49:12","date_gmt":"2025-12-09T04:49:12","guid":{"rendered":"https:\/\/wandernotes.store\/?page_id=15"},"modified":"2025-12-15T05:24:01","modified_gmt":"2025-12-15T05:24:01","slug":"trang-chu","status":"publish","type":"page","link":"https:\/\/wandernotes.store\/","title":{"rendered":"Home"},"content":{"rendered":"\t\t<div data-elementor-type=\"wp-page\" data-elementor-id=\"15\" class=\"elementor elementor-15\" data-elementor-post-type=\"page\">\n\t\t\t\t<div class=\"elementor-element elementor-element-6fc85f4 e-con-full e-flex e-con e-parent\" data-id=\"6fc85f4\" data-element_type=\"container\">\n\t\t\t\t<div class=\"elementor-element elementor-element-0695eed elementor-widget__width-inherit elementor-widget elementor-widget-html\" data-id=\"0695eed\" data-element_type=\"widget\" data-widget_type=\"html.default\">\n\t\t\t\t\t<section class=\"hero-ibc\">\r\n  <div class=\"hero-content\">\r\n    <h1>Unlock Potential<br>Through<br>Data-Driven<br>Insight<\/h1>\r\n\r\n    <p>\r\n      Navigate the complex landscape of professional assessments. Whether for individual growth, leadership selection, or team synergy, we guide you to the scientifically validated tool you need.\r\n    <\/p>\r\n\r\n    <div class=\"hero-buttons\">\r\n      <a href=\"#\" class=\"btn-primary\">Find Your Assessment<\/a>\r\n      <a href=\"#\" class=\"btn-outline\">Compare All Tools<\/a>\r\n    <\/div>\r\n  <\/div>\r\n<\/section>\r\n\t\t\t\t<\/div>\n\t\t\t\t<\/div>\n\t\t<div class=\"elementor-element elementor-element-fa14350 e-flex e-con-boxed e-con e-parent\" data-id=\"fa14350\" data-element_type=\"container\">\n\t\t\t\t\t<div class=\"e-con-inner\">\n\t\t\t\t<div class=\"elementor-element elementor-element-d9c413f elementor-widget elementor-widget-heading\" data-id=\"d9c413f\" data-element_type=\"widget\" data-widget_type=\"heading.default\">\n\t\t\t\t\t<h2 class=\"elementor-heading-title elementor-size-default\">Explore by Category<\/h2>\t\t\t\t<\/div>\n\t\t\t\t\t<\/div>\n\t\t\t\t<\/div>\n\t\t<div class=\"elementor-element elementor-element-9f50c97 e-flex e-con-boxed e-con e-parent\" data-id=\"9f50c97\" data-element_type=\"container\">\n\t\t\t\t\t<div class=\"e-con-inner\">\n\t\t\t\t<div class=\"elementor-element elementor-element-ccdebf0 elementor-widget elementor-widget-text-editor\" data-id=\"ccdebf0\" data-element_type=\"widget\" data-widget_type=\"text-editor.default\">\n\t\t\t\t\t\t\t\t\t<p>Browse our scientifically validated assessments organized by their primary focus area.<\/p><div id=\"mttContainer\" class=\"bootstrapiso notranslate\" dir=\"ltr\" style=\"transform: translate(245px, 11px);\" title=\"\" data-original-title=\"&lt;p class=&quot;text-gray-600 max-w-2xl mx-auto&quot;&gt;Duy\u1ec7t qua c\u00e1c \u0111\u00e1nh gi\u00e1 \u0111\u01b0\u1ee3c x\u00e1c th\u1ef1c khoa h\u1ecdc c\u1ee7a ch\u00fang t\u00f4i \u0111\u01b0\u1ee3c s\u1eafp x\u1ebfp theo l\u0129nh v\u1ef1c tr\u1ecdng t\u00e2m ch\u00ednh c\u1ee7a ch\u00fang.&lt;\/p&gt;\">\u00a0<\/div>\t\t\t\t\t\t\t\t<\/div>\n\t\t\t\t\t<\/div>\n\t\t\t\t<\/div>\n\t\t<div class=\"elementor-element elementor-element-76b5d86 e-flex e-con-boxed e-con e-parent\" data-id=\"76b5d86\" data-element_type=\"container\">\n\t\t\t\t\t<div class=\"e-con-inner\">\n\t\t\t\t\t<\/div>\n\t\t\t\t<\/div>\n\t\t\t\t<\/div>\n\t\t","protected":false},"excerpt":{"rendered":"<p>Unlock Potential Through Data-Driven Insight Navigate the complex landscape of professional assessments. Whether for individual growth, leadership selection, or team [&hellip;]<\/p>\n","protected":false},"author":1,"featured_media":0,"parent":0,"menu_order":0,"comment_status":"closed","ping_status":"closed","template":"","meta":{"om_disable_all_campaigns":false,"_monsterinsights_skip_tracking":false,"_monsterinsights_sitenote_active":false,"_monsterinsights_sitenote_note":"","_monsterinsights_sitenote_category":0,"site-sidebar-layout":"default","site-content-layout":"plain-container","ast-site-content-layout":"full-width-container","site-content-style":"default","site-sidebar-style":"default","ast-global-header-display":"","ast-banner-title-visibility":"","ast-main-header-display":"","ast-hfb-above-header-display":"","ast-hfb-below-header-display":"","ast-hfb-mobile-header-display":"","site-post-title":"","ast-breadcrumbs-content":"","ast-featured-img":"","footer-sml-layout":"","ast-disable-related-posts":"","theme-transparent-header-meta":"default","adv-header-id-meta":"","stick-header-meta":"","header-above-stick-meta":"","header-main-stick-meta":"","header-below-stick-meta":"","astra-migrate-meta-layouts":"set","ast-page-background-enabled":"default","ast-page-background-meta":{"desktop":{"background-color":"var(--ast-global-color-5)","background-image":"","background-repeat":"repeat","background-position":"center center","background-size":"auto","background-attachment":"scroll","background-type":"","background-media":"","overlay-type":"","overlay-color":"","overlay-opacity":"","overlay-gradient":""},"tablet":{"background-color":"","background-image":"","background-repeat":"repeat","background-position":"center center","background-size":"auto","background-attachment":"scroll","background-type":"","background-media":"","overlay-type":"","overlay-color":"","overlay-opacity":"","overlay-gradient":""},"mobile":{"background-color":"","background-image":"","background-repeat":"repeat","background-position":"center center","background-size":"auto","background-attachment":"scroll","background-type":"","background-media":"","overlay-type":"","overlay-color":"","overlay-opacity":"","overlay-gradient":""}},"ast-content-background-meta":{"desktop":{"background-color":"var(--ast-global-color-4)","background-image":"","background-repeat":"repeat","background-position":"center center","background-size":"auto","background-attachment":"scroll","background-type":"","background-media":"","overlay-type":"","overlay-color":"","overlay-opacity":"","overlay-gradient":""},"tablet":{"background-color":"var(--ast-global-color-4)","background-image":"","background-repeat":"repeat","background-position":"center center","background-size":"auto","background-attachment":"scroll","background-type":"","background-media":"","overlay-type":"","overlay-color":"","overlay-opacity":"","overlay-gradient":""},"mobile":{"background-color":"var(--ast-global-color-4)","background-image":"","background-repeat":"repeat","background-position":"center center","background-size":"auto","background-attachment":"scroll","background-type":"","background-media":"","overlay-type":"","overlay-color":"","overlay-opacity":"","overlay-gradient":""}},"footnotes":""},"class_list":["post-15","page","type-page","status-publish","hentry"],"aioseo_notices":[],"_links":{"self":[{"href":"https:\/\/wandernotes.store\/index.php?rest_route=\/wp\/v2\/pages\/15","targetHints":{"allow":["GET"]}}],"collection":[{"href":"https:\/\/wandernotes.store\/index.php?rest_route=\/wp\/v2\/pages"}],"about":[{"href":"https:\/\/wandernotes.store\/index.php?rest_route=\/wp\/v2\/types\/page"}],"author":[{"embeddable":true,"href":"https:\/\/wandernotes.store\/index.php?rest_route=\/wp\/v2\/users\/1"}],"replies":[{"embeddable":true,"href":"https:\/\/wandernotes.store\/index.php?rest_route=%2Fwp%2Fv2%2Fcomments&post=15"}],"version-history":[{"count":25,"href":"https:\/\/wandernotes.store\/index.php?rest_route=\/wp\/v2\/pages\/15\/revisions"}],"predecessor-version":[{"id":164,"href":"https:\/\/wandernotes.store\/index.php?rest_route=\/wp\/v2\/pages\/15\/revisions\/164"}],"wp:attachment":[{"href":"https:\/\/wandernotes.store\/index.php?rest_route=%2Fwp%2Fv2%2Fmedia&parent=15"}],"curies":[{"name":"wp","href":"https:\/\/api.w.org\/{rel}","templated":true}]}}